{"id":2311,"date":"2024-01-09T18:54:23","date_gmt":"2024-01-09T15:54:23","guid":{"rendered":"https:\/\/kolektifmucadele1.org\/?page_id=2311"},"modified":"2024-01-09T19:05:05","modified_gmt":"2024-01-09T16:05:05","slug":"tuzuk","status":"publish","type":"page","link":"https:\/\/kolektifmucadele1.org\/index.php\/tuzuk\/","title":{"rendered":"T\u00dcZ\u00dcK"},"content":{"rendered":"\n<p><strong>KOLEKT\u0130F M\u00dcCADELE PLATFORMU T\u00dcZ\u00dc\u011e\u00dc<\/strong><\/p>\n\n\n\n<p>1-Platformun ad\u0131: KOLEKT\u0130F M\u00dcCADELE PLATFORMUdur.<\/p>\n\n\n\n<p>-Logosu karar alt\u0131na al\u0131nan \u015fekildedir\u2026<\/p>\n\n\n\n<p>2- Platform Merkezi Y\u00fcr\u00fctmesi kurultayca se\u00e7ilir ve e\u015f s\u00f6zc\u00fc sitemi temelinde Merkezi y\u00fcr\u00fctme az 5, 3 yedek ki\u015fide olu\u015fur.<\/p>\n\n\n\n<p>Platformumun se\u00e7ilen e\u015f s\u00f6zc\u00fcs\u00fcler, platformun temsilci ve s\u00f6zc\u00fcs\u00fcd\u00fcr.<\/p>\n\n\n\n<p>Bu e\u015f s\u00f6zc\u00fcler<\/p>\n\n\n\n<p>En az 2 y\u0131l platformda \u00e7e\u015fitli birimlerde g\u00f6rev yapan;<\/p>\n\n\n\n<p>Hi\u00e7bir disiplin soru\u015fturmas\u0131na tabii olmayan\u2026<\/p>\n\n\n\n<p>3-Platformuz, Kurultay iki y\u0131lda bir yap\u0131l\u0131r. Ola\u011fan\u00fcst\u00fc kurultaylar platform \u00fcyelerinin salt \u00e7o\u011funlu\u011funun istemi halinde alt\u0131 ay i\u00e7erisinde yap\u0131l\u0131r. Kongreye alt\u0131 aydan az bir zaman kalm\u0131\u015fsa ola\u011fan\u00fcst\u00fc kurultaya gidilmez. Ola\u011fan \u00fcst\u00fc ko\u015fularda platformu y\u00f6netiminin salt \u00e7o\u011funlu\u011fu onay\u0131 olmas\u0131 halinde t\u00fcm bile\u015fenlerin iradesine dan\u0131\u015f\u0131larak bir y\u0131l ertelenebilir.<\/p>\n\n\n\n<p>4- Platform y\u00f6netim \u00fcyeleri kurultaylar\u0131n do\u011fal delegeleridir. Bunun d\u0131\u015f\u0131nda ki delegeleri her organ kendi i\u00e7inde secimle belirler. Delege say\u0131s\u0131n\u0131n belirlenmesi kurultaydan en az alt\u0131 ay \u00f6ncesinden belirlenerek bile\u015fenlere iletilir. Kurultaylar\u0131n ge\u00e7erli olmas\u0131, delegelerin yar\u0131s\u0131ndan bir fazlas\u0131n\u0131n kat\u0131l\u0131m\u0131yla m\u00fcmk\u00fcnd\u00fcr.<\/p>\n\n\n\n<p>Merkezi Y\u00fcr\u00fctme Kurulu kurultay \u00e7a\u011fr\u0131s\u0131n\u0131 ve belgelerini en az \u00fc\u00e7 ay \u00f6nceden kurumlara iletmek zorundad\u0131r. Belirlenen tarihte yeterli delege say\u0131s\u0131na ula\u015f\u0131lmamas\u0131 halinde iki ay i\u00e7inde yeni bir tarih belirlenerek kurultay \u00e7a\u011fr\u0131s\u0131 yinelenir.<\/p>\n\n\n\n<p>5- Disiplin Kurulu 3 as\u0131l, 2 yedekten olu\u015facak bi\u00e7imde kurultayda se\u00e7ilir. Disiplin Kurulu\u2019nun kurultay \u00f6ncesi iradesini yitirmesi halinde platform kurultayda belirlenen say\u0131y\u0131 ge\u00e7meyecek \u015fekilde platform merkezi d\u0131\u015f\u0131ndaki \u00fcyelerden disiplin kurulu \u00fcyesini se\u00e7er. Disiplin Kurulu, platform y\u00fcr\u00fctmesi iradesi taraf\u0131ndan kabul edilen disiplin maddelerine g\u00f6re \u00e7al\u0131\u015fma y\u00fcr\u00fct\u00fcr.<\/p>\n\n\n\n<p>6-Platformun bile\u015fenleri<\/p>\n\n\n\n<p>\u2013 Platformumuzun, program ve t\u00fcz\u00fc\u011f\u00fcn\u00fc kabul eden ve demokratik bir i\u015fleyi\u015fle bir araya gelen, farkl\u0131 s\u0131n\u0131fsal, sosyal, k\u00fclt\u00fcrel ve ekonomik bile\u015fenlerden olu\u015fur.<\/p>\n\n\n\n<p>\u2013 Platformumuzun bile\u015fenlerinin demokratik i\u015fleyi\u015fe dayal\u0131 olarak en az 3 ve daha fazla ki\u015fiden olu\u015fan kolektif birimlerden olu\u015fur. Herhangi bir nedenle kolektif i\u015fleyi\u015fini kaybederek 3 ki\u015finin alt\u0131na d\u00fc\u015fen \u00f6rg\u00fctlenmeler karar alma hakk\u0131n\u0131 yitirir. Bu durumdaki \u00f6rg\u00fctlenmelerin yapaca\u011f\u0131 \u00e7al\u0131\u015fmalar ba\u011fl\u0131 bulunduklar\u0131 \u00fcst organlar\u0131n kararlar\u0131yla y\u00fcr\u00fct\u00fcl\u00fcr. Ola\u011fan\u00fcst\u00fc ko\u015fullar bahane edilerek demokratik olmayan tek ki\u015filik y\u00f6netimler me\u015frula\u015ft\u0131r\u0131lamaz. Toplant\u0131 \u00e7a\u011fr\u0131lar\u0131 komisyon s\u00f6zc\u00fcleri taraf\u0131ndan yap\u0131l\u0131r.<\/p>\n\n\n\n<p>7- Platformumuzun, kendi i\u00e7erisindeki fikir tart\u0131\u015fmalar\u0131n\u0131 bir zenginlik olarak g\u00f6r\u00fcr, farkl\u0131 fikirlerin kendi komisyonlar\u0131 ve Merkezi Y\u00fcr\u00fctme Kurulu sorumlulu\u011funda \u00f6rg\u00fctl\u00fc bile\u015fenler i\u00e7inde \u00e7e\u015fitli ara\u00e7larla ifade edilmesinin zeminini yarat\u0131r.<\/p>\n\n\n\n<p>8- \u00dcYEL\u0130K VE \u00dcYELER\u0130N G\u00d6REVLER\u0130<\/p>\n\n\n\n<p>-Platformun \u00e7al\u0131\u015fma ve ama\u00e7lar\u0131 do\u011frultusunda \u00e7al\u0131\u015fmay\u0131 beyan eden, herhangi bir siyasi partiye \u00fcyeli\u011fi bulunmayan, ve en az 1 ki\u015finin referans olmas\u0131 \u015fart\u0131 ile, \u00fcyelik bildiriminde bulunan ve 18 ya\u015f\u0131n\u0131 doldurmu\u015f, en az bir birimde g\u00f6rev almay\u0131 kabul eden her birey platforma \u00fcye olma hakk\u0131na sahiptir.<\/p>\n\n\n\n<p>-Platform \u00fcyelerinin g\u00f6revleri ve haklar\u0131;<\/p>\n\n\n\n<p>-Platformun geli\u015fmesi ve y\u00fcr\u00fct\u00fclmesi faaliyetlerinde \u015feffafl\u0131k ilkesi ile, her t\u00fcrl\u00fc g\u00f6r\u00fc\u015f ve<\/p>\n\n\n\n<p>\u00d6neride bulunabilirler.<\/p>\n\n\n\n<p>-Bir kimsenin \u00fcyeli\u011fi i\u00e7in referans olabilirler<\/p>\n\n\n\n<p>-\u00c7al\u0131\u015fm\u0131\u015f olduklar\u0131 birimin d\u0131\u015f\u0131nda ba\u015fka bir birimde g\u00f6rev alabilir veya birim de\u011fi\u015fimi talebinde bulunabilirler<\/p>\n\n\n\n<p>-Genel g\u00f6revlendirme do\u011frultusunda \u00e7al\u0131\u015fm\u0131\u015f olduklar\u0131 birimi veya genel olarak platformu, toplant\u0131larda temsil etme hakk\u0131na sahiptirler<\/p>\n\n\n\n<p>-Kendi h\u00fcr iradeleri ile \u00fcyelikte \u00e7\u0131kma hakk\u0131na sahiptirler<\/p>\n\n\n\n<p>8-\u00dcYEL\u0130KTEN \u00c7IKARILMA<\/p>\n\n\n\n<p>-Platformun \u00e7al\u0131\u015fma ama\u00e7 ve ilkeleri d\u0131\u015f\u0131na \u00e7\u0131kan, genel ilkelerle \u00e7eli\u015fen d\u00fc\u015f\u00fcncelerinde \u0131srar eden ve genel prensipleri bozan \u00fcyeler kesin olarak \u00fcyelikten d\u00fc\u015f\u00fcr\u00fcl\u00fcrler. Ve s\u0131ras\u0131 ile ;<\/p>\n\n\n\n<p>-K\u0131nama<\/p>\n\n\n\n<p>-Tedbiren uzakla\u015ft\u0131rma<\/p>\n\n\n\n<p>-Kesin ihra\u00e7, cezalar\u0131ndan biri ile cezaland\u0131r\u0131l\u0131rlar.<\/p>\n\n\n\n<p>9-KINAMA CEZASINI KAPSAYAN BA\u015eLICA SU\u00c7LAR<\/p>\n\n\n\n<p>-Toplant\u0131lara d\u00fczenli olarak kat\u0131lmayan,<\/p>\n\n\n\n<p>-\u0130mk\u00e2n\u0131 oldu\u011fu halde aidatlar\u0131n\u0131 aksatan veya \u0131srarla \u00f6demeyen,<\/p>\n\n\n\n<p>-Etkinlik ve faaliyetlere kat\u0131l\u0131mda zaaflar g\u00f6steren,<\/p>\n\n\n\n<p>-Alm\u0131\u015f oldu\u011fu g\u00f6rev ve sorumluluklar\u0131 aksatan,<\/p>\n\n\n\n<p>-Ki\u015filer, K\u0131nama cezas\u0131 ile cezaland\u0131r\u0131l\u0131rlar<\/p>\n\n\n\n<p>10-TEDB\u0130REN UZAKLA\u015eTIRMA CEZASINI KAPSAYAN SU\u00c7LAR:<\/p>\n\n\n\n<p>-K\u0131nama cezas\u0131 ald\u0131klar\u0131 halde, hatalar\u0131nda \u0131srar eden \u00fcyeler,<\/p>\n\n\n\n<p>\u00c7al\u0131\u015fma ve faaliyetleri sabote etti\u011fi konusunda \u00e7al\u0131\u015fma i\u00e7erisinde olduklar\u0131 konusunda \u015f\u00fcpheli olanlar,<\/p>\n\n\n\n<p>-Toplant\u0131 kararlar\u0131 veya bireysel sorunlar\u0131 ba\u015fka kurumlarla veya ki\u015filerle payla\u015fanlar,<\/p>\n\n\n\n<p>Kurum i\u00e7i Genel prensiplere uymayan \u00fcyeler, 5- L\u00fcmpen ve faydac\u0131 yakla\u015f\u0131m sergileyen \u00fcyeler,<\/p>\n\n\n\n<p>-Haklar\u0131nda olumlu bir kanaat olu\u015funcaya kadar platform \u00fcyeli\u011finden k\u0131smen d\u00fc\u015f\u00fcr\u00fcl\u00fcr ve tedbiren uzakla\u015ft\u0131rma cezas\u0131 ile cezaland\u0131r\u0131l\u0131r.<\/p>\n\n\n\n<p>-Tekrar, olumlu kanaat olu\u015fanlar, toplant\u0131 yeter say\u0131s\u0131n\u0131n \u00e7o\u011funlu\u011funa g\u00f6re \u00fcyeli\u011fe kabul edilirler.<\/p>\n\n\n\n<p>11- \u00dcYEL\u0130KTEN KES\u0130N OLARAK \u0130HRA\u00c7 CEZASINI KAPSAYAN BA\u015eLICA SU\u00c7LAR<\/p>\n\n\n\n<p>-Tedbiren haklar\u0131nda uzakla\u015ft\u0131rma karar\u0131 verildi\u011fi halde, kendileriyle ilgili olumlu bir kanaat olu\u015fmayanlar<\/p>\n\n\n\n<p>-Kad\u0131nlara kar\u015f\u0131 cinsiyet\u00e7i ve y\u00fcz k\u0131zart\u0131c\u0131 davran\u0131\u015flarda bulunanlar<\/p>\n\n\n\n<p>-Platformun bilgisi d\u0131\u015f\u0131nda, \u00e7e\u015fitli etkinliklerde platformun ad\u0131n\u0131 kullanarak \u00e7\u0131kar veya makam sa\u011flamaya \u00e7al\u0131\u015fanlar<\/p>\n\n\n\n<p>-Platform i\u00e7erisinde, platformun d\u00fc\u015f\u00fcnce ve ideolojileri d\u0131\u015f\u0131nda ba\u015fka ideolojileri yaymaya \u00e7al\u0131\u015fanlar,<\/p>\n\n\n\n<p>-Platformda, dil, din, cinsiyet- \u0131rk- ulus \u2013 milliyet ayr\u0131m\u0131n\u0131 tetikleyici, a\u015fa\u011f\u0131lay\u0131c\u0131 ve k\u0131nay\u0131c\u0131 bir \u00fcslup kullananlar,<\/p>\n\n\n\n<p>-Ba\u015fka kurum veya siyasi partilere, sonradan \u00fcye olanlar,<\/p>\n\n\n\n<p>-Kesin ihra\u00e7 ile cezaland\u0131r\u0131l\u0131rlar. Ayr\u0131ca kesin ihra\u00e7 edilenler tekrar \u00fcyeli\u011fe kabul edilmezler<\/p>\n\n\n\n<p>12- Platformun t\u00fcz\u00fck ve program\u0131n de\u011fi\u015fikli\u011fi veya geni\u015fletilmesi vb kurultayca yap\u0131l\u0131r\u2026<\/p>\n","protected":false},"excerpt":{"rendered":"<p>KOLEKT\u0130F M\u00dcCADELE PLATFORMU T\u00dcZ\u00dc\u011e\u00dc 1-Platformun ad\u0131: KOLEKT\u0130F&#46;&#46;&#46;<\/p>\n","protected":false},"author":1,"featured_media":0,"parent":0,"menu_order":0,"comment_status":"closed","ping_status":"closed","template":"","meta":{"footnotes":""},"class_list":["post-2311","page","type-page","status-publish","hentry"],"_links":{"self":[{"href":"https:\/\/kolektifmucadele1.org\/index.php\/wp-json\/wp\/v2\/pages\/2311","targetHints":{"allow":["GET"]}}],"collection":[{"href":"https:\/\/kolektifmucadele1.org\/index.php\/wp-json\/wp\/v2\/pages"}],"about":[{"href":"https:\/\/kolektifmucadele1.org\/index.php\/wp-json\/wp\/v2\/types\/page"}],"author":[{"embeddable":true,"href":"https:\/\/kolektifmucadele1.org\/index.php\/wp-json\/wp\/v2\/users\/1"}],"replies":[{"embeddable":true,"href":"https:\/\/kolektifmucadele1.org\/index.php\/wp-json\/wp\/v2\/comments?post=2311"}],"version-history":[{"count":2,"href":"https:\/\/kolektifmucadele1.org\/index.php\/wp-json\/wp\/v2\/pages\/2311\/revisions"}],"predecessor-version":[{"id":2324,"href":"https:\/\/kolektifmucadele1.org\/index.php\/wp-json\/wp\/v2\/pages\/2311\/revisions\/2324"}],"wp:attachment":[{"href":"https:\/\/kolektifmucadele1.org\/index.php\/wp-json\/wp\/v2\/media?parent=2311"}],"curies":[{"name":"wp","href":"https:\/\/api.w.org\/{rel}","templated":true}]}}