{"id":2318,"date":"2024-01-09T18:58:52","date_gmt":"2024-01-09T15:58:52","guid":{"rendered":"https:\/\/kolektifmucadele1.org\/?page_id=2318"},"modified":"2025-11-06T12:01:13","modified_gmt":"2025-11-06T09:01:13","slug":"biz-kimiz","status":"publish","type":"page","link":"https:\/\/kolektifmucadele1.org\/index.php\/biz-kimiz\/","title":{"rendered":"B\u0130Z K\u0130M\u0130Z"},"content":{"rendered":"\n<p>Bug\u00fcn ya\u015fad\u0131\u011f\u0131m\u0131z d\u00fcnya bir kriz i\u00e7indedir. Sava\u015flar ve bunlar\u0131n yaratt\u0131\u011f\u0131 y\u0131k\u0131mlar, insanl\u0131\u011f\u0131 bir b\u00fct\u00fcn olarak yoklu\u011fa ve yoksullu\u011fa s\u00fcr\u00fcklemektedir. T\u00fcrkiye\u2019de ise bu durum bir sistem krizi olarak kendini g\u00f6stermektedir. D\u0131\u015fta sava\u015f, i\u00e7te bask\u0131, yokluk, yoksulluk ve hak gasplar\u0131 toplumu nefes alamaz hale getirmi\u015ftir.<\/p>\n\n\n\n<p>\u00d6zg\u00fcrl\u00fckler yok edilmeye \u00e7al\u0131\u015f\u0131lmakta; gen\u00e7li\u011fin hayallerine, \u00fcniversitelerin kap\u0131lar\u0131na kelep\u00e7e vurulmaktad\u0131r. Farkl\u0131 d\u00fc\u015f\u00fcnd\u00fc\u011f\u00fc, \u00f6zg\u00fcr bir gelecek fikrini savundu\u011fu i\u00e7in insanlar tutsak edilmekte, cezaevleri adeta \u00f6l\u00fcm evlerine \u00e7evrilmektedir. \u0130stanbul S\u00f6zle\u015fmesi\u2019nden \u00e7ekilen iktidar, kad\u0131n k\u0131y\u0131m\u0131n\u0131 te\u015fvik eder hale gelmi\u015f; her g\u00fcn kad\u0131nlar katledilmektedir. Eme\u011fiyle, al\u0131n teriyle ge\u00e7inen emek\u00e7iler, emeklerinin kar\u015f\u0131l\u0131\u011f\u0131n\u0131 alamamakta; aksine, daha fazla s\u00f6m\u00fcr\u00fclmeye mahk\u00fbm edilmektedir. \u0130\u015f\u00e7iler ve emek\u00e7iler katmerli s\u00f6m\u00fcr\u00fcn\u00fcn alt\u0131nda ezilirken, i\u015f g\u00fcvencesinden yoksun b\u0131rak\u0131lmakta; her g\u00fcn i\u015f cinayetleriyle yeni katliamlar ya\u015fanmaktad\u0131r. Konserler yasaklanmakta, sanat\u00e7\u0131lar lin\u00e7 edilmektedir.<\/p>\n\n\n\n<p>\u00dclkemizin yer alt\u0131 ve yer \u00fcst\u00fc t\u00fcm zenginlikleri bir avu\u00e7 asalak u\u011fruna pazarlanmakta, sat\u0131lmad\u0131k ve talan edilmedik yer b\u0131rak\u0131lmam\u0131\u015ft\u0131r. \u015eimdi ise \u201ckentsel d\u00f6n\u00fc\u015f\u00fcm\u201d ad\u0131 alt\u0131nda emek\u00e7i halklar\u0131m\u0131z\u0131n di\u015finden t\u0131rna\u011f\u0131ndan biriktirerek sahip oldu\u011fu evleri rant\u00e7\u0131lara pe\u015fke\u015f \u00e7ekilmekte, insanlar zorla evlerinden edilmektedir. Talan edilen do\u011fam\u0131z, yok edilen tar\u0131m alanlar\u0131m\u0131z\u0131n ard\u0131ndan \u015fimdi de evlerimiz gasp edilmektedir.<\/p>\n\n\n\n<p>\u0130ktidarlar\u0131n amac\u0131 halk\u0131n sorunlar\u0131n\u0131 \u00e7\u00f6zmek de\u011fil; d\u0131\u015fta sava\u015f, i\u00e7te bask\u0131, milliyet\u00e7i-\u015foven ve din t\u00fcccarl\u0131\u011f\u0131yla halklar\u0131m\u0131z\u0131 birbirine d\u00fc\u015fman ederek varl\u0131\u011f\u0131n\u0131 s\u00fcrd\u00fcrmektir. K\u00fcrtlere, Alevilere, farkl\u0131 inan\u00e7 ve d\u00fc\u015f\u00fcncelere kar\u015f\u0131 kin ve nefret k\u00f6r\u00fcklenmektedir. Bir mozaikler toplulu\u011fu olan \u00fclkemizde, ba\u015fta K\u00fcrt halk\u0131 olmak \u00fczere t\u00fcm farkl\u0131 ulus ve inan\u00e7lar ink\u00e2r edilmekte, yok say\u0131lmakta, hatta katledilmektedir. Bug\u00fcn K\u00fcrt halk\u0131na kar\u015f\u0131 y\u00fcr\u00fct\u00fclen sava\u015f\u0131n faturas\u0131n\u0131 emek\u00e7i halklar\u0131m\u0131z \u00f6derken, sermaye sahipleri bu sava\u015fta k\u00e2rlar\u0131na k\u00e2r katmaktad\u0131r. K\u00fcrt halk\u0131n\u0131n iradesi yok say\u0131lmakta, se\u00e7ilmi\u015f belediyelerine kayyumlar atanmakta; b\u00f6lgede adeta s\u00f6m\u00fcrge valili\u011fi anlay\u0131\u015f\u0131yla hareket edilmektedir.<\/p>\n\n\n\n<p>Bu \u00fclke bir avu\u00e7 rant\u00e7\u0131n\u0131n de\u011fil, bu topraklarda ya\u015fayan t\u00fcm halklar\u0131nd\u0131r. Fa\u015fist politikalarla her ge\u00e7en g\u00fcn daha derin bir karanl\u0131\u011fa s\u00fcr\u00fcklenen ya\u015fam, hepimizin gelece\u011fidir.<\/p>\n\n\n\n<p>Gelece\u011fimizi ya\u015fan\u0131r k\u0131lman\u0131n yolu, bu krizi yaratan iktidarlardan de\u011fil, bizlerin \u00f6rg\u00fctl\u00fc m\u00fccadelesinden ge\u00e7mektedir. Emek\u00e7i kitlelerin sorunlar\u0131n\u0131 \u00e7\u00f6zmenin yolu, yine emek\u00e7ilerle omuz omuza fiili m\u00fccadele y\u00fcr\u00fctmekten ve toplumsal-siyasal sorunlara ortak \u00e7\u00f6z\u00fcmler \u00fcretmekten ge\u00e7mektedir. Kurtulu\u015fun, gelece\u011fimize sahip \u00e7\u0131kman\u0131n tek yolu; halklar\u0131m\u0131zla omuz omuza, kolektif m\u00fccadeleyi b\u00fcy\u00fctmektir. Bu nedenle, sosyal, siyasal ve ekonomik t\u00fcm sorunlara kar\u015f\u0131 kolektif sorumluluk bilinciyle projeler geli\u015ftirmek, s\u00fcrd\u00fcr\u00fclebilir \u00e7\u00f6z\u00fcmler \u00fcretmek bizlerin omuzlar\u0131ndad\u0131r.<\/p>\n\n\n\n<p>\u0130\u00e7inden ge\u00e7ti\u011fimiz s\u00fcre\u00e7te ger\u00e7eklerin ters y\u00fcz edildi\u011fi, bir avu\u00e7 az\u0131nl\u0131k u\u011fruna halk\u0131n gelece\u011finin yok edilmeye \u00e7al\u0131\u015f\u0131ld\u0131\u011f\u0131 bu d\u00f6nemde; ya\u015fanan bask\u0131, yokluk ve yoksulluk kar\u015f\u0131s\u0131nda \u00f6rg\u00fctlenmekten ba\u015fka bir se\u00e7ene\u011fimiz yoktur.<\/p>\n\n\n\n<p>Kolektif M\u00fccadele Platformu\u2019nun hedefi e\u015fitlik, \u00f6zg\u00fcrl\u00fck ve adalettir. Bu y\u00fczden halk\u0131n sesidir. Bizim halktan ba\u015fka bir dayana\u011fa ihtiyac\u0131m\u0131z yoktur. Yoksullu\u011fa, yalana ve tek yanl\u0131l\u0131\u011fa kar\u015f\u0131 sokaklarda hak aray\u0131\u015f\u0131n\u0131 s\u00fcrd\u00fcren emek\u00e7ilerin, gelece\u011fi elinden \u00e7al\u0131nan gen\u00e7li\u011fin, her g\u00fcn katledilen kad\u0131nlar\u0131n ve \u00e7ocuklar\u0131n, \u201ca\u00e7\u0131m\u201d diyerek intihar eden emek\u00e7ilerin, talan edilen do\u011fan\u0131n \u00f6rg\u00fctlenmesi ve adresidir.<\/p>\n\n\n\n<p>D\u00fcnya halklar\u0131n\u0131n ve \u00fclkemizde \u00f6zg\u00fcr bir gelecek i\u00e7in bedel \u00f6deyenlerin yaratt\u0131\u011f\u0131 birikimden, i\u015f\u00e7i s\u0131n\u0131f\u0131n\u0131n m\u00fccadelesinden, yoksullu\u011fa ve sava\u015fa kar\u015f\u0131 ba\u015f\u0131 dik duranlardan; \u201cya bir yol bulaca\u011f\u0131z ya da bir yol a\u00e7aca\u011f\u0131z\u201d diyerek \u00f6zg\u00fcrl\u00fck aray\u0131\u015f\u0131n\u0131 canlar\u0131yla \u00f6deyenlerin miras\u0131ndan g\u00fc\u00e7 al\u0131yoruz. Bu temelde; \u00f6zg\u00fcr bir ya\u015fam, \u00f6zg\u00fcr bir gelecek ve t\u00fcm halklar\u0131n e\u015fit ko\u015fullarda ya\u015fad\u0131\u011f\u0131 bir \u00fclke i\u00e7in yola \u00e7\u0131kt\u0131k. Yukar\u0131da da vurgulad\u0131\u011f\u0131m\u0131z gibi, bu yeni bir yolculuk de\u011fil; \u00f6nc\u00fclerimizin ba\u015flatt\u0131\u011f\u0131, \u00f6zg\u00fcr ve e\u015fit bir d\u00fcnya i\u00e7in a\u011f\u0131r bedeller \u00f6deyerek a\u00e7t\u0131klar\u0131 yolun s\u00fcrd\u00fcr\u00fcc\u00fcs\u00fcy\u00fcz.<\/p>\n\n\n\n<p>\u015eimdi yeni bir ba\u015flang\u0131\u00e7tay\u0131z. Ancak bu yenilik, ge\u00e7mi\u015fin geleneklerinden ve birikiminden beslenen bir ad\u0131md\u0131r. Bug\u00fcn\u00fc de\u011ferli k\u0131lan, yar\u0131n\u0131 daha iyi kuracak olmam\u0131zd\u0131r.<\/p>\n\n\n\n<p>Birileri ekme\u011fimizi, al\u0131n terimizi ve gelece\u011fimizi \u00e7alarak saltanat s\u00fcr\u00fcyor. De\u011fersizle\u015fmenin ve yalan\u0131n h\u00e2kim k\u0131l\u0131nd\u0131\u011f\u0131 bir d\u00f6nemdeyiz. Bu yalan ve kara propaganda kar\u015f\u0131s\u0131nda, kolektif iradeyle, do\u011fru ve ger\u00e7ek\u00e7i bir m\u00fccadele \u00e7izgisinde s\u00f6z\u00fcm\u00fcz \u015fudur:<\/p>\n\n\n\n<p>\u201c\u00d6rg\u00fctl\u00fc bir halk\u0131 hi\u00e7bir kuvvet yenemez!\u201d<\/p>\n\n\n\n<p>Kolektif olarak birlikte \u00fcretece\u011fiz, birlikte yarataca\u011f\u0131z, her \u015feyi birlikte var edece\u011fiz.<\/p>\n\n\n\n<p>\u0130nsanl\u0131k tarihi boyunca, ezen-s\u00f6m\u00fcren s\u0131n\u0131flara ve sistemlere kar\u015f\u0131 alternatif \u00f6rg\u00fctlenme ve ya\u015fam bi\u00e7imleri geli\u015ftirilmi\u015ftir. Bug\u00fcn de kapitalist sisteme ve onun egemeni burjuvaziye kar\u015f\u0131 alternatif m\u00fccadele ve ya\u015fam bi\u00e7imleri geli\u015ftirilmektedir. Kolektif M\u00fccadele Platformu i\u015fte bu alternatiflerin temelidir.<\/p>\n\n\n\n<p>Kapitalist sistemin bireyci ve bencil ya\u015fam bi\u00e7imini reddedenler olarak; ortak ya\u015fam, ortak \u00fcretim, payla\u015f\u0131m ve m\u00fccadele temel prensibimizdir. Kolektif m\u00fccadele bir anlay\u0131\u015f, alternatif bir k\u00fclt\u00fcr, ya\u015fam kar\u015f\u0131s\u0131nda bir ger\u00e7ekliktir. Kolektif M\u00fccadele Platformu, adaletsizli\u011fin ve e\u015fitsizli\u011fin hesab\u0131n\u0131n soruldu\u011fu; e\u015fit, \u00f6zg\u00fcr, s\u00f6m\u00fcr\u00fcs\u00fcz bir ya\u015fama ula\u015fman\u0131n ifadesidir.<\/p>\n\n\n\n<p>Bu nedenle, din, dil, \u0131rk, cinsiyet ayr\u0131m\u0131 g\u00f6zetmeksizin bireylerin kolektif olarak politikle\u015fmesi, \u00f6zg\u00fcven kazanmas\u0131 ve birlikte m\u00fccadele edebilmesi amac\u0131yla Kolektif M\u00fccadele Platformu\u2019nu kurma karar\u0131 ald\u0131k.<\/p>\n\n\n\n<p>\u00d6zetle, t\u00fcm halklar\u0131n kendi dilini ve k\u00fclt\u00fcr\u00fcn\u00fc \u00f6zg\u00fcrce ifade etti\u011fi, e\u015fit ko\u015fullarda ya\u015fad\u0131\u011f\u0131 bir gelecek i\u00e7in\u2026<\/p>\n\n\n\n<p>Ba\u015fta K\u00fcrt halk\u0131 olmak \u00fczere t\u00fcm ulus ve az\u0131nl\u0131klar\u0131n kendi gelece\u011fini belirleme, dilini ve k\u00fclt\u00fcr\u00fcn\u00fc ya\u015fatma m\u00fccadelesi i\u00e7in\u2026<\/p>\n\n\n\n<p>Katliamlara ve bask\u0131lara kar\u015f\u0131 birlikte m\u00fccadele, birlikte \u00f6zg\u00fcr ve e\u015fit bir ya\u015fam i\u00e7in\u2026<\/p>\n\n\n\n<p>Ezilenlerin, s\u00f6m\u00fcr\u00fclenlerin, yok say\u0131lan halklar\u0131n, bireylerin ve farkl\u0131l\u0131klar\u0131n temel hak ve \u00f6zg\u00fcrl\u00fcklerinin \u00f6n\u00fcndeki engelleri kald\u0131rmay\u0131 ama\u00e7layan; her ya\u015ftan insan\u0131, \u00e7ocu\u011fu, kad\u0131n\u0131, genci, ya\u015fl\u0131y\u0131, inanc\u0131 ay\u0131rt etmeksizin kapsayan; kolektif m\u00fccadelenin ka\u00e7\u0131n\u0131lmaz oldu\u011fu bir d\u00fcnyay\u0131 savunan bir platformuz.<\/p>\n\n\n\n<p>\u00d6zg\u00fcr, e\u015fit, s\u00f6m\u00fcr\u00fcs\u00fcz bir d\u00fcnya ve gelecek i\u00e7in;<\/p>\n\n\n\n<p>\u201c\u00d6rg\u00fctl\u00fc bir halk\u0131 hi\u00e7bir kuvvet yenemez!\u201d bilinciyle,<\/p>\n\n\n\n<p>\u201cYa bir yol bulaca\u011f\u0131z ya bir yol a\u00e7aca\u011f\u0131z!\u201d diyen,<\/p>\n\n\n\n<p>kendini feda ku\u015fa\u011f\u0131n\u0131n miras\u00e7\u0131s\u0131 olarak g\u00f6ren bir hak arama platformuyuz.<\/p>\n","protected":false},"excerpt":{"rendered":"<p>Bug\u00fcn ya\u015fad\u0131\u011f\u0131m\u0131z d\u00fcnya bir kriz i\u00e7indedir. Sava\u015flar&#46;&#46;&#46;<\/p>\n","protected":false},"author":1,"featured_media":0,"parent":0,"menu_order":0,"comment_status":"closed","ping_status":"closed","template":"","meta":{"footnotes":""},"class_list":["post-2318","page","type-page","status-publish","hentry"],"amp_enabled":true,"_links":{"self":[{"href":"https:\/\/kolektifmucadele1.org\/index.php\/wp-json\/wp\/v2\/pages\/2318","targetHints":{"allow":["GET"]}}],"collection":[{"href":"https:\/\/kolektifmucadele1.org\/index.php\/wp-json\/wp\/v2\/pages"}],"about":[{"href":"https:\/\/kolektifmucadele1.org\/index.php\/wp-json\/wp\/v2\/types\/page"}],"author":[{"embeddable":true,"href":"https:\/\/kolektifmucadele1.org\/index.php\/wp-json\/wp\/v2\/users\/1"}],"replies":[{"embeddable":true,"href":"https:\/\/kolektifmucadele1.org\/index.php\/wp-json\/wp\/v2\/comments?post=2318"}],"version-history":[{"count":4,"href":"https:\/\/kolektifmucadele1.org\/index.php\/wp-json\/wp\/v2\/pages\/2318\/revisions"}],"predecessor-version":[{"id":7746,"href":"https:\/\/kolektifmucadele1.org\/index.php\/wp-json\/wp\/v2\/pages\/2318\/revisions\/7746"}],"wp:attachment":[{"href":"https:\/\/kolektifmucadele1.org\/index.php\/wp-json\/wp\/v2\/media?parent=2318"}],"curies":[{"name":"wp","href":"https:\/\/api.w.org\/{rel}","templated":true}]}}