{"id":8345,"date":"2026-01-07T20:35:44","date_gmt":"2026-01-07T17:35:44","guid":{"rendered":"https:\/\/kolektifmucadele1.org\/?page_id=8345"},"modified":"2026-04-16T19:17:17","modified_gmt":"2026-04-16T16:17:17","slug":"mucadele-2","status":"publish","type":"page","link":"https:\/\/kolektifmucadele1.org\/index.php\/mucadele-2\/","title":{"rendered":"Kolektif M\u00fccadele Dergisi"},"content":{"rendered":"\n<div class=\"dflip-books\"><div class=\"_df_thumb \" id=\"df_9366\"  _slug=\"kolektif-mucadele-dergisi-nisan-maiyis-haziran-2026-sayisi\" data-title=\"kolektif-mucadele-dergisi-nisan-maiyis-haziran-2026-sayisi\" wpoptions=\"true\" thumb=\"https:\/\/kolektifmucadele1.org\/wp-content\/uploads\/2026\/04\/K-M-D-SAYI3-scaled.png\" thumbtype=\"\" >Kolektif M\u00fccadele Dergisi &#8211; Nisan &#8211; Ma\u0131y\u0131s -Haziran 2026 Say\u0131s\u0131<\/div><script class=\"df-shortcode-script\" nowprocket type=\"application\/javascript\">window.option_df_9366 = {\"outline\":[],\"autoEnableOutline\":\"false\",\"autoEnableThumbnail\":\"false\",\"overwritePDFOutline\":\"false\",\"direction\":\"1\",\"pageSize\":\"0\",\"source\":\"https:\\\/\\\/kolektifmucadele1.org\\\/wp-content\\\/uploads\\\/2026\\\/04\\\/dergi_kapak03.pdf\",\"wpOptions\":\"true\"}; if(window.DFLIP && window.DFLIP.parseBooks){window.DFLIP.parseBooks();}<\/script><div class=\"_df_thumb \" id=\"df_9196\"  _slug=\"kolektif-mucadele-dergisi-sayi-01-2\" data-title=\"kolektif-mucadele-dergisi-sayi-01\" wpoptions=\"true\" thumb=\"https:\/\/kolektifmucadele1.org\/wp-content\/uploads\/2026\/03\/Kolektif-mucadele-dergisi-sayi-02-kapak.png\" thumbtype=\"\" >Kolektif M\u00fccadele Dergisi | Say\u0131 \u2013 01<\/div><script class=\"df-shortcode-script\" nowprocket type=\"application\/javascript\">window.option_df_9196 = {\"outline\":[],\"autoEnableOutline\":\"false\",\"autoEnableThumbnail\":\"false\",\"overwritePDFOutline\":\"false\",\"direction\":\"1\",\"pageSize\":\"0\",\"source\":\"https:\\\/\\\/kolektifmucadele1.org\\\/wp-content\\\/uploads\\\/2026\\\/03\\\/Kolektif-mucadele-dergisi-sayi-02.pdf\",\"wpOptions\":\"true\"}; if(window.DFLIP && window.DFLIP.parseBooks){window.DFLIP.parseBooks();}<\/script><div class=\"_df_thumb \" id=\"df_7718\"  _slug=\"kolektif-mucadele-dergisi-sayi-01\" data-title=\"kolektif-mucadele-dergisi-sayi-01\" wpoptions=\"true\" thumb=\"https:\/\/kolektifmucadele1.org\/wp-content\/uploads\/2025\/11\/kapak.png\" thumbtype=\"\" >Kolektif M\u00fccadele Dergisi | Say\u0131 &#8211; 01<\/div><script class=\"df-shortcode-script\" nowprocket type=\"application\/javascript\">window.option_df_7718 = {\"outline\":[],\"autoEnableOutline\":\"false\",\"autoEnableThumbnail\":\"false\",\"overwritePDFOutline\":\"false\",\"direction\":\"1\",\"pageSize\":\"0\",\"source\":\"https:\\\/\\\/kolektifmucadele1.org\\\/wp-content\\\/uploads\\\/2025\\\/11\\\/kolektif-mucadele-dergisi.pdf\",\"wpOptions\":\"true\"}; if(window.DFLIP && window.DFLIP.parseBooks){window.DFLIP.parseBooks();}<\/script><\/div>\n<\/p>","protected":false},"excerpt":{"rendered":"","protected":false},"author":1,"featured_media":0,"parent":0,"menu_order":0,"comment_status":"closed","ping_status":"closed","template":"","meta":{"footnotes":""},"class_list":["post-8345","page","type-page","status-publish","hentry"],"_links":{"self":[{"href":"https:\/\/kolektifmucadele1.org\/index.php\/wp-json\/wp\/v2\/pages\/8345","targetHints":{"allow":["GET"]}}],"collection":[{"href":"https:\/\/kolektifmucadele1.org\/index.php\/wp-json\/wp\/v2\/pages"}],"about":[{"href":"https:\/\/kolektifmucadele1.org\/index.php\/wp-json\/wp\/v2\/types\/page"}],"author":[{"embeddable":true,"href":"https:\/\/kolektifmucadele1.org\/index.php\/wp-json\/wp\/v2\/users\/1"}],"replies":[{"embeddable":true,"href":"https:\/\/kolektifmucadele1.org\/index.php\/wp-json\/wp\/v2\/comments?post=8345"}],"version-history":[{"count":5,"href":"https:\/\/kolektifmucadele1.org\/index.php\/wp-json\/wp\/v2\/pages\/8345\/revisions"}],"predecessor-version":[{"id":9373,"href":"https:\/\/kolektifmucadele1.org\/index.php\/wp-json\/wp\/v2\/pages\/8345\/revisions\/9373"}],"wp:attachment":[{"href":"https:\/\/kolektifmucadele1.org\/index.php\/wp-json\/wp\/v2\/media?parent=8345"}],"curies":[{"name":"wp","href":"https:\/\/api.w.org\/{rel}","templated":true}]}}