{"id":9377,"date":"2026-04-16T19:20:07","date_gmt":"2026-04-16T16:20:07","guid":{"rendered":"https:\/\/kolektifmucadele1.org\/?page_id=9377"},"modified":"2026-04-16T19:21:43","modified_gmt":"2026-04-16T16:21:43","slug":"dergi-abonelik-formu","status":"publish","type":"page","link":"https:\/\/kolektifmucadele1.org\/index.php\/dergi-abonelik-formu\/","title":{"rendered":"Dergi Abonelik Formu"},"content":{"rendered":"\n<div class=\"wpcf7 no-js\" id=\"wpcf7-f9371-o1\" lang=\"tr-TR\" dir=\"ltr\" data-wpcf7-id=\"9371\">\n<div class=\"screen-reader-response\"><p role=\"status\" aria-live=\"polite\" aria-atomic=\"true\"><\/p> <ul><\/ul><\/div>\n<form action=\"\/index.php\/wp-json\/wp\/v2\/pages\/9377#wpcf7-f9371-o1\" method=\"post\" class=\"wpcf7-form init\" aria-label=\"\u0130leti\u015fim Formu\" novalidate=\"novalidate\" data-status=\"init\">\n<fieldset class=\"hidden-fields-container\"><input type=\"hidden\" name=\"_wpcf7\" value=\"9371\" \/><input type=\"hidden\" name=\"_wpcf7_version\" value=\"6.1.5\" \/><input type=\"hidden\" name=\"_wpcf7_locale\" value=\"tr_TR\" \/><input type=\"hidden\" name=\"_wpcf7_unit_tag\" value=\"wpcf7-f9371-o1\" \/><input type=\"hidden\" name=\"_wpcf7_container_post\" value=\"0\" \/><input type=\"hidden\" name=\"_wpcf7_posted_data_hash\" value=\"\" \/>\n<\/fieldset>\n<p><label> Ad\u0131n\u0131z* (\u0130sim)<br \/>\n<span class=\"wpcf7-form-control-wrap\" data-name=\"adiniz\"><input size=\"40\" maxlength=\"400\" class=\"wpcf7-form-control wpcf7-text wpcf7-validates-as-required\" aria-required=\"true\" aria-invalid=\"false\" placeholder=\"Ad\u0131n\u0131z\u0131 girin\" value=\"\" type=\"text\" name=\"adiniz\" \/><\/span><br \/>\n<\/label>\n<\/p>\n<p><label> Soyad\u0131n\u0131z*<br \/>\n<span class=\"wpcf7-form-control-wrap\" data-name=\"soyadiniz\"><input size=\"40\" maxlength=\"400\" class=\"wpcf7-form-control wpcf7-text wpcf7-validates-as-required\" aria-required=\"true\" aria-invalid=\"false\" placeholder=\"Soyad\u0131n\u0131z\u0131 girin\" value=\"\" type=\"text\" name=\"soyadiniz\" \/><\/span><br \/>\n<\/label>\n<\/p>\n<p><label> E-posta Adresiniz*<br \/>\n<span class=\"wpcf7-form-control-wrap\" data-name=\"email\"><input size=\"40\" maxlength=\"400\" class=\"wpcf7-form-control wpcf7-email wpcf7-validates-as-required wpcf7-text wpcf7-validates-as-email\" aria-required=\"true\" aria-invalid=\"false\" placeholder=\"ornek@email.com\" value=\"\" type=\"email\" name=\"email\" \/><\/span><br \/>\n<\/label>\n<\/p>\n<p><label> Telefon Numaran\u0131z<br \/>\n<span class=\"wpcf7-form-control-wrap\" data-name=\"telefon\"><input size=\"40\" maxlength=\"400\" class=\"wpcf7-form-control wpcf7-tel wpcf7-text wpcf7-validates-as-tel\" aria-invalid=\"false\" placeholder=\"05XX XXX XX XX\" value=\"\" type=\"tel\" name=\"telefon\" \/><\/span><br \/>\n<\/label>\n<\/p>\n<p><label> Teslimat Adresi*<br \/>\n<span class=\"wpcf7-form-control-wrap\" data-name=\"adres\"><textarea cols=\"40\" rows=\"10\" maxlength=\"2000\" class=\"wpcf7-form-control wpcf7-textarea wpcf7-validates-as-required\" aria-required=\"true\" aria-invalid=\"false\" placeholder=\"Sokak, Mahalle, Apartman No, Daire\" name=\"adres\"><\/textarea><\/span><br \/>\n<\/label>\n<\/p>\n<p><label> \u015eehir*<br \/>\n<span class=\"wpcf7-form-control-wrap\" data-name=\"sehir\"><input size=\"40\" maxlength=\"400\" class=\"wpcf7-form-control wpcf7-text wpcf7-validates-as-required\" aria-required=\"true\" aria-invalid=\"false\" placeholder=\"\u0130stanbul\" value=\"\" type=\"text\" name=\"sehir\" \/><\/span><br \/>\n<\/label>\n<\/p>\n<p><label> Posta Kodu<br \/>\n<span class=\"wpcf7-form-control-wrap\" data-name=\"postakodu\"><input size=\"40\" maxlength=\"400\" class=\"wpcf7-form-control wpcf7-text\" aria-invalid=\"false\" placeholder=\"34000\" value=\"\" type=\"text\" name=\"postakodu\" \/><\/span><br \/>\n<\/label>\n<\/p>\n<p><label> \u00dclke \/ B\u00f6lge*<br \/>\n<span class=\"wpcf7-form-control-wrap\" data-name=\"ulke\"><select class=\"wpcf7-form-control wpcf7-select wpcf7-validates-as-required\" aria-required=\"true\" aria-invalid=\"false\" name=\"ulke\"><option value=\"T\u00fcrkiye (Yurti\u00e7i)\">T\u00fcrkiye (Yurti\u00e7i)<\/option><option value=\"Avrupa Birli\u011fi \u00dclkeleri\">Avrupa Birli\u011fi \u00dclkeleri<\/option><option value=\"\u0130svi\u00e7re\">\u0130svi\u00e7re<\/option><option value=\"Norve\u00e7\">Norve\u00e7<\/option><option value=\"\u0130ngiltere (UK)\">\u0130ngiltere (UK)<\/option><option value=\"Di\u011fer Avrupa \u00dclkeleri\">Di\u011fer Avrupa \u00dclkeleri<\/option><\/select><\/span><br \/>\n<\/label>\n<\/p>\n<p><label> Fatura Adresi (Farkl\u0131ysa)<br \/>\n<span class=\"wpcf7-form-control-wrap\" data-name=\"fatura_adresi\"><textarea cols=\"40\" rows=\"10\" maxlength=\"2000\" class=\"wpcf7-form-control wpcf7-textarea\" aria-invalid=\"false\" placeholder=\"Fatura adresi teslimat adresinden farkl\u0131ysa...\" name=\"fatura_adresi\"><\/textarea><\/span><br \/>\n<\/label>\n<\/p>\n<p><label> \u00d6deme Y\u00f6ntemi*<br \/>\n<span class=\"wpcf7-form-control-wrap\" data-name=\"odeme\"><select class=\"wpcf7-form-control wpcf7-select wpcf7-validates-as-required\" aria-required=\"true\" aria-invalid=\"false\" name=\"odeme\"><option value=\"Havale\/EFT (T\u00fcrkiye i\u00e7in)\">Havale\/EFT (T\u00fcrkiye i\u00e7in)<\/option><option value=\"Kredi Kart\u0131\">Kredi Kart\u0131<\/option><option value=\"PayPal\">PayPal<\/option><option value=\"Wise (TransferWise)\">Wise (TransferWise)<\/option><\/select><\/span><br \/>\n<\/label>\n<\/p>\n<p><label> Dergi Hakk\u0131nda Nas\u0131l Duydunuz?<br \/>\n<span class=\"wpcf7-form-control-wrap\" data-name=\"kaynak\"><select class=\"wpcf7-form-control wpcf7-select\" aria-invalid=\"false\" name=\"kaynak\"><option value=\"Sosyal Medya\">Sosyal Medya<\/option><option value=\"Arkada\u015f Tavsiyesi\">Arkada\u015f Tavsiyesi<\/option><option value=\"Google Arama\">Google Arama<\/option><option value=\"K\u00fct\u00fcphane\/Dergi\">K\u00fct\u00fcphane\/Dergi<\/option><option value=\"Di\u011fer\">Di\u011fer<\/option><\/select><\/span><br \/>\n<\/label>\n<\/p>\n<p><label> Notlar \/ \u00d6zel \u0130stekler<br \/>\n<span class=\"wpcf7-form-control-wrap\" data-name=\"notlar\"><textarea cols=\"40\" rows=\"10\" maxlength=\"2000\" class=\"wpcf7-form-control wpcf7-textarea\" aria-invalid=\"false\" placeholder=\"Varsa \u00f6zel isteklerinizi belirtin...\" name=\"notlar\"><\/textarea><\/span><br \/>\n<\/label>\n<\/p>\n<p><span class=\"wpcf7-form-control-wrap\" data-name=\"kvkk\"><span class=\"wpcf7-form-control wpcf7-acceptance\"><span class=\"wpcf7-list-item\"><label><input type=\"checkbox\" name=\"kvkk\" value=\"1\" aria-invalid=\"false\" \/><span class=\"wpcf7-list-item-label\">Ki\u015fisel verilerimin i\u015flenmesine ve <a href=\"\/gizlilik-politikasi\" target=\"_blank\">Gizlilik Politikas\u0131<\/a>'na uygun olarak kullan\u0131lmas\u0131na izin veriyorum.<\/span><\/label><\/span><\/span><\/span>\n<\/p>\n<p><span class=\"wpcf7-form-control-wrap\" data-name=\"abonelik_sozlesmesi\"><span class=\"wpcf7-form-control wpcf7-acceptance\"><span class=\"wpcf7-list-item\"><label><input type=\"checkbox\" name=\"abonelik_sozlesmesi\" value=\"1\" aria-invalid=\"false\" \/><span class=\"wpcf7-list-item-label\"><a href=\"\/abonelik-sozlesmesi\" target=\"_blank\">Abonelik S\u00f6zle\u015fmesi<\/a>'ni okudum ve kabul ediyorum.<\/span><\/label><\/span><\/span><\/span>\n<\/p>\n<p><input class=\"wpcf7-form-control wpcf7-submit has-spinner\" type=\"submit\" value=\"Aboneli\u011fimi Ba\u015flat\" \/>\n<\/p><div class=\"wpcf7-response-output\" aria-hidden=\"true\"><\/div>\n<\/form>\n<\/div>\n\n<\/p>","protected":false},"excerpt":{"rendered":"","protected":false},"author":1,"featured_media":0,"parent":0,"menu_order":0,"comment_status":"closed","ping_status":"closed","template":"","meta":{"footnotes":""},"class_list":["post-9377","page","type-page","status-publish","hentry"],"_links":{"self":[{"href":"https:\/\/kolektifmucadele1.org\/index.php\/wp-json\/wp\/v2\/pages\/9377","targetHints":{"allow":["GET"]}}],"collection":[{"href":"https:\/\/kolektifmucadele1.org\/index.php\/wp-json\/wp\/v2\/pages"}],"about":[{"href":"https:\/\/kolektifmucadele1.org\/index.php\/wp-json\/wp\/v2\/types\/page"}],"author":[{"embeddable":true,"href":"https:\/\/kolektifmucadele1.org\/index.php\/wp-json\/wp\/v2\/users\/1"}],"replies":[{"embeddable":true,"href":"https:\/\/kolektifmucadele1.org\/index.php\/wp-json\/wp\/v2\/comments?post=9377"}],"version-history":[{"count":1,"href":"https:\/\/kolektifmucadele1.org\/index.php\/wp-json\/wp\/v2\/pages\/9377\/revisions"}],"predecessor-version":[{"id":9378,"href":"https:\/\/kolektifmucadele1.org\/index.php\/wp-json\/wp\/v2\/pages\/9377\/revisions\/9378"}],"wp:attachment":[{"href":"https:\/\/kolektifmucadele1.org\/index.php\/wp-json\/wp\/v2\/media?parent=9377"}],"curies":[{"name":"wp","href":"https:\/\/api.w.org\/{rel}","templated":true}]}}